{"id":5,"date":"2020-01-13T11:17:52","date_gmt":"2020-01-13T11:17:52","guid":{"rendered":"https:\/\/demosites.io\/web-agency-gb\/?page_id=5"},"modified":"2023-01-07T13:25:25","modified_gmt":"2023-01-07T13:25:25","slug":"home","status":"publish","type":"page","link":"https:\/\/casafizdomundo.org\/stp\/","title":{"rendered":"Home"},"content":{"rendered":"\n<div class=\"wp-block-themeisle-blocks-advanced-columns alignfull has-2-columns has-desktop-equal-layout has-tablet-equal-layout has-mobile-collapsedRows-layout has-nogap-gap has-vertical-center\" id=\"wp-block-themeisle-blocks-advanced-columns-ad20c616\"><div class=\"wp-block-themeisle-blocks-advanced-columns-overlay\"><\/div><div class=\"innerblocks-wrap\">\n<div class=\"wp-block-themeisle-blocks-advanced-column\" id=\"wp-block-themeisle-blocks-advanced-column-03d02eeb\">\n<div class=\"wp-block-image is-style-default\"><figure class=\"aligncenter size-large is-resized\"><img loading=\"lazy\" src=\"https:\/\/casafizdomundo.org\/_new\/wp-content\/uploads\/2020\/07\/historia-1.jpg\" alt=\"\" class=\"wp-image-163\" width=\"422\" height=\"137\" srcset=\"https:\/\/casafizdomundo.org\/stp\/wp-content\/uploads\/2020\/07\/historia-1.jpg 394w, https:\/\/casafizdomundo.org\/stp\/wp-content\/uploads\/2020\/07\/historia-1-300x97.jpg 300w\" sizes=\"(max-width: 422px) 100vw, 422px\" \/><\/figure><\/div>\n<\/div>\n\n\n\n<div class=\"wp-block-themeisle-blocks-advanced-column ticss-44eccd86\" id=\"wp-block-themeisle-blocks-advanced-column-cb2b8741\">\n<h2 class=\"has-black-color has-text-color\">Hist\u00f3ria e Miss\u00e3o<\/h2>\n\n\n\n<div class=\"wp-block-button is-style-fill\"><a class=\"wp-block-button__link has-black-color has-text-color has-background no-border-radius\" href=\"https:\/\/casafizdomundo.org\/stp\/index.php\/historia_missao\/\" style=\"background-color:#fcaf3b\">Saber Mais<\/a><\/div>\n<\/div>\n<\/div><\/div>\n\n\n\n<div class=\"wp-block-themeisle-blocks-advanced-columns alignfull has-2-columns has-desktop-equal-layout has-tablet-equal-layout has-mobile-collapsedRows-layout has-nogap-gap has-vertical-center\" id=\"wp-block-themeisle-blocks-advanced-columns-5e6f3a8e\"><div class=\"wp-block-themeisle-blocks-advanced-columns-overlay\"><\/div><div class=\"innerblocks-wrap\">\n<div class=\"wp-block-themeisle-blocks-advanced-column\" id=\"wp-block-themeisle-blocks-advanced-column-4949e572\">\n<h2>Apadrinhamento<\/h2>\n\n\n\n<div class=\"wp-block-button is-style-fill\"><a class=\"wp-block-button__link has-black-color has-text-color has-background no-border-radius\" href=\"https:\/\/casafizdomundo.org\/stp\/index.php\/apadrinhamento\/\" style=\"background-color:#fcaf3b\">Saber Mais<\/a><\/div>\n<\/div>\n\n\n\n<div class=\"wp-block-themeisle-blocks-advanced-column\" id=\"wp-block-themeisle-blocks-advanced-column-372f2dc9\">\n<div class=\"wp-block-image is-style-default\"><figure class=\"aligncenter size-large is-resized\"><img loading=\"lazy\" src=\"https:\/\/casafizdomundo.org\/_new\/wp-content\/uploads\/2020\/07\/apadrinhamento-1-1024x386.jpg\" alt=\"\" class=\"wp-image-164\" width=\"585\" height=\"220\" srcset=\"https:\/\/casafizdomundo.org\/stp\/wp-content\/uploads\/2020\/07\/apadrinhamento-1-1024x386.jpg 1024w, https:\/\/casafizdomundo.org\/stp\/wp-content\/uploads\/2020\/07\/apadrinhamento-1-300x113.jpg 300w, https:\/\/casafizdomundo.org\/stp\/wp-content\/uploads\/2020\/07\/apadrinhamento-1-768x290.jpg 768w, https:\/\/casafizdomundo.org\/stp\/wp-content\/uploads\/2020\/07\/apadrinhamento-1-1536x579.jpg 1536w, https:\/\/casafizdomundo.org\/stp\/wp-content\/uploads\/2020\/07\/apadrinhamento-1.jpg 2048w\" sizes=\"(max-width: 585px) 100vw, 585px\" \/><\/figure><\/div>\n<\/div>\n<\/div><\/div>\n\n\n\n<div class=\"wp-block-themeisle-blocks-advanced-columns alignfull has-2-columns has-desktop-equal-layout has-tablet-equal-layout has-mobile-collapsedRows-layout has-nogap-gap has-vertical-center\" id=\"wp-block-themeisle-blocks-advanced-columns-04f594d2\"><div class=\"wp-block-themeisle-blocks-advanced-columns-overlay\"><\/div><div class=\"innerblocks-wrap\">\n<div class=\"wp-block-themeisle-blocks-advanced-column\" id=\"wp-block-themeisle-blocks-advanced-column-926e7050\">\n<div class=\"wp-block-image is-style-default\"><figure class=\"aligncenter size-large is-resized\"><img loading=\"lazy\" src=\"https:\/\/casafizdomundo.org\/stp\/wp-content\/uploads\/2020\/07\/colaborar-1.jpg\" alt=\"\" width=\"334\" height=\"220\"\/><\/figure><\/div>\n<\/div>\n\n\n\n<div class=\"wp-block-themeisle-blocks-advanced-column\" id=\"wp-block-themeisle-blocks-advanced-column-00c5b9c2\">\n<h2 class=\"has-black-color has-text-color\">Como Colaborar<\/h2>\n\n\n\n<div class=\"wp-block-button is-style-fill\"><a class=\"wp-block-button__link has-black-color has-text-color has-background no-border-radius\" href=\"https:\/\/casafizdomundo.org\/stp\/index.php\/colaborar\/\" style=\"background-color:#fcaf3b\">Saber Mais<\/a><\/div>\n<\/div>\n<\/div><\/div>\n\n\n\n<div class=\"wp-block-themeisle-blocks-advanced-columns alignfull has-2-columns has-desktop-twoOne-layout has-tablet-equal-layout has-mobile-collapsedRows-layout has-nogap-gap has-vertical-center\" id=\"wp-block-themeisle-blocks-advanced-columns-b3525c80\"><div class=\"wp-block-themeisle-blocks-advanced-columns-overlay\"><\/div><div class=\"innerblocks-wrap\">\n<div class=\"wp-block-themeisle-blocks-advanced-column\" id=\"wp-block-themeisle-blocks-advanced-column-9d431006\">\n<h3 class=\"has-text-align-center has-white-color has-text-color\">Casa Fiz do Mundo<\/h3>\n\n\n\n<p class=\"has-text-align-center has-white-color has-text-color has-normal-font-size\">A Casa Fiz do Mundo \u2013 S\u00e3o Tom\u00e9 \u00e9 um grupo de ac\u00e7\u00e3o mission\u00e1ria das comunidades cat\u00f3licas de Carregosa, Vila Cova de Perrinho e Chave, na diocese do Porto.<\/p>\n<\/div>\n\n\n\n<div class=\"wp-block-themeisle-blocks-advanced-column\" id=\"wp-block-themeisle-blocks-advanced-column-2055870d\">\n<p class=\"has-text-align-right has-white-color has-text-color\">913 390 642<br><span style=\"font-size:8px\"><i>(chamada para rede m\u00f3vel nacional)<\/i><\/span><br><br>Largo da Igreja Matriz, Carregosa, Oliveira de Azem\u00e9is <\/p>\n<\/div>\n<\/div><\/div>\n\n\n\n<p><\/p>\n","protected":false},"excerpt":{"rendered":"","protected":false},"author":1,"featured_media":0,"parent":0,"menu_order":0,"comment_status":"closed","ping_status":"closed","template":"","meta":{"neve_meta_sidebar":"full-width","neve_meta_container":"contained","neve_meta_enable_content_width":"off","neve_meta_content_width":30,"neve_meta_title_alignment":"","neve_meta_author_avatar":"","neve_post_elements_order":"","neve_meta_disable_header":"","neve_meta_disable_footer":"","neve_meta_disable_title":"on"},"_links":{"self":[{"href":"https:\/\/casafizdomundo.org\/stp\/index.php\/wp-json\/wp\/v2\/pages\/5"}],"collection":[{"href":"https:\/\/casafizdomundo.org\/stp\/index.php\/wp-json\/wp\/v2\/pages"}],"about":[{"href":"https:\/\/casafizdomundo.org\/stp\/index.php\/wp-json\/wp\/v2\/types\/page"}],"author":[{"embeddable":true,"href":"https:\/\/casafizdomundo.org\/stp\/index.php\/wp-json\/wp\/v2\/users\/1"}],"replies":[{"embeddable":true,"href":"https:\/\/casafizdomundo.org\/stp\/index.php\/wp-json\/wp\/v2\/comments?post=5"}],"version-history":[{"count":11,"href":"https:\/\/casafizdomundo.org\/stp\/index.php\/wp-json\/wp\/v2\/pages\/5\/revisions"}],"predecessor-version":[{"id":215,"href":"https:\/\/casafizdomundo.org\/stp\/index.php\/wp-json\/wp\/v2\/pages\/5\/revisions\/215"}],"wp:attachment":[{"href":"https:\/\/casafizdomundo.org\/stp\/index.php\/wp-json\/wp\/v2\/media?parent=5"}],"curies":[{"name":"wp","href":"https:\/\/api.w.org\/{rel}","templated":true}]}}