{"id":124,"date":"2020-07-07T12:41:23","date_gmt":"2020-07-07T12:41:23","guid":{"rendered":"https:\/\/casafizdomundo.org\/_new\/?page_id=124"},"modified":"2021-06-25T16:46:17","modified_gmt":"2021-06-25T16:46:17","slug":"apadrinhamento","status":"publish","type":"page","link":"https:\/\/casafizdomundo.org\/stp\/index.php\/apadrinhamento\/","title":{"rendered":"Apadrinhamento"},"content":{"rendered":"\n<div style=\"height:48px\" aria-hidden=\"true\" class=\"wp-block-spacer\"><\/div>\n\n\n\n<h2>Apadrinhamento<\/h2>\n\n\n\n<div style=\"height:57px\" aria-hidden=\"true\" class=\"wp-block-spacer\"><\/div>\n\n\n\n<figure class=\"wp-block-pullquote ticss-ad4a3e1f\" style=\"border-color:#fcaf3b\"><blockquote class=\"has-text-color has-black-color\"><p>\u201cA educa\u00e7\u00e3o \u00e9 a arma mais poderosa que se pode usar para mudar o mundo\u201d.<\/p><cite><em>Nelson Mandela<\/em><\/cite><\/blockquote><\/figure>\n\n\n\n<p><\/p>\n\n\n\n<div class=\"wp-block-themeisle-blocks-advanced-columns alignfull has-2-columns has-desktop-equal-layout has-tablet-equal-layout has-mobile-collapsedRows-layout has-nogap-gap has-vertical-center\" id=\"wp-block-themeisle-blocks-advanced-columns-d2fd77a9\"><div class=\"wp-block-themeisle-blocks-advanced-columns-overlay\"><\/div><div class=\"innerblocks-wrap\">\n<div class=\"wp-block-themeisle-blocks-advanced-column\" id=\"wp-block-themeisle-blocks-advanced-column-0328e338\">\n<div class=\"wp-block-image is-style-default\"><figure class=\"aligncenter size-large\"><img loading=\"lazy\" width=\"1024\" height=\"386\" src=\"https:\/\/casafizdomundo.org\/_new\/wp-content\/uploads\/2020\/07\/apadrinhamento-1024x386.jpg\" alt=\"\" class=\"wp-image-152\" srcset=\"https:\/\/casafizdomundo.org\/stp\/wp-content\/uploads\/2020\/07\/apadrinhamento-1024x386.jpg 1024w, https:\/\/casafizdomundo.org\/stp\/wp-content\/uploads\/2020\/07\/apadrinhamento-300x113.jpg 300w, https:\/\/casafizdomundo.org\/stp\/wp-content\/uploads\/2020\/07\/apadrinhamento-768x290.jpg 768w, https:\/\/casafizdomundo.org\/stp\/wp-content\/uploads\/2020\/07\/apadrinhamento-1536x579.jpg 1536w, https:\/\/casafizdomundo.org\/stp\/wp-content\/uploads\/2020\/07\/apadrinhamento.jpg 2048w\" sizes=\"(max-width: 1024px) 100vw, 1024px\" \/><\/figure><\/div>\n<\/div>\n\n\n\n<div class=\"wp-block-themeisle-blocks-advanced-column ticss-44eccd86\" id=\"wp-block-themeisle-blocks-advanced-column-0328a676\">\n<p>Na cidade de Neves, a CONFHIC tem ao seu encargo neste momento mais de 1200 crian\u00e7as que est\u00e3o distribu\u00eddas pela creche \u201cO Ninho\u201d, jardim de inf\u00e2ncia \u201cO Pimpolho\u201d e escola prim\u00e1ria \u201cM\u00e3e Clara\u201d.<\/p>\n\n\n\n<p>Com o contributo do programa de apadrinhamentos, estas crian\u00e7as t\u00eam diariamente uma refei\u00e7\u00e3o quente, instala\u00e7\u00f5es com higiene, cuidados m\u00e9dicos e, n\u00e3o menos importante, uma educa\u00e7\u00e3o assente em valores de uni\u00e3o, partilha e amor.<\/p>\n\n\n\n<p>Preencha o formul\u00e1rio&nbsp;de se candidatura a padrinho\/madrinha sem qualquer compromisso.<\/p>\n<\/div>\n<\/div><\/div>\n\n\n\n<div class=\"wp-block-buttons is-content-justification-center\">\n<div class=\"wp-block-button is-style-primary ticss-e5b76e74\"><a class=\"wp-block-button__link has-black-color has-neve-button-color-background-color has-text-color has-background\" href=\"https:\/\/podio.com\/webforms\/25959606\/1944987\" style=\"border-radius:19px\" target=\"_blank\" rel=\"https:\/\/podio.com\/webforms\/22566750\/1592670 noopener noreferrer\"><strong>&nbsp;&nbsp;&nbsp;&nbsp;&nbsp;&nbsp;&nbsp;Formul\u00e1rio&nbsp;&nbsp;&nbsp;&nbsp;&nbsp;&nbsp;&nbsp;<\/strong><\/a><\/div>\n<\/div>\n\n\n\n<p><\/p>\n","protected":false},"excerpt":{"rendered":"<p>Apadrinhamento \u201cA educa\u00e7\u00e3o \u00e9 a arma mais poderosa que se pode usar para mudar o mundo\u201d. Nelson Mandela<\/p>\n","protected":false},"author":1,"featured_media":0,"parent":0,"menu_order":0,"comment_status":"closed","ping_status":"closed","template":"","meta":{"neve_meta_sidebar":"full-width","neve_meta_container":"","neve_meta_enable_content_width":"on","neve_meta_content_width":100,"neve_meta_title_alignment":"","neve_meta_author_avatar":"","neve_post_elements_order":"","neve_meta_disable_header":"","neve_meta_disable_footer":"","neve_meta_disable_title":"on"},"_links":{"self":[{"href":"https:\/\/casafizdomundo.org\/stp\/index.php\/wp-json\/wp\/v2\/pages\/124"}],"collection":[{"href":"https:\/\/casafizdomundo.org\/stp\/index.php\/wp-json\/wp\/v2\/pages"}],"about":[{"href":"https:\/\/casafizdomundo.org\/stp\/index.php\/wp-json\/wp\/v2\/types\/page"}],"author":[{"embeddable":true,"href":"https:\/\/casafizdomundo.org\/stp\/index.php\/wp-json\/wp\/v2\/users\/1"}],"replies":[{"embeddable":true,"href":"https:\/\/casafizdomundo.org\/stp\/index.php\/wp-json\/wp\/v2\/comments?post=124"}],"version-history":[{"count":8,"href":"https:\/\/casafizdomundo.org\/stp\/index.php\/wp-json\/wp\/v2\/pages\/124\/revisions"}],"predecessor-version":[{"id":209,"href":"https:\/\/casafizdomundo.org\/stp\/index.php\/wp-json\/wp\/v2\/pages\/124\/revisions\/209"}],"wp:attachment":[{"href":"https:\/\/casafizdomundo.org\/stp\/index.php\/wp-json\/wp\/v2\/media?parent=124"}],"curies":[{"name":"wp","href":"https:\/\/api.w.org\/{rel}","templated":true}]}}